{"id":134,"date":"2019-01-12T16:21:45","date_gmt":"2019-01-12T15:21:45","guid":{"rendered":"http:\/\/gesunde-gestaltung.de\/?page_id=134"},"modified":"2021-04-20T15:40:04","modified_gmt":"2021-04-20T13:40:04","slug":"system-der-gesundheitsfoerdernden-gestaltung","status":"publish","type":"page","link":"http:\/\/jonasrehn.de\/en\/system-der-gesundheitsfoerdernden-gestaltung\/","title":{"rendered":"System der gesundheitsf\u00f6rdernden Gestaltung"},"content":{"rendered":"<div class=\"fusion-fullwidth fullwidth-box fusion-builder-row-1 nonhundred-percent-fullwidth non-hundred-percent-height-scrolling\" style=\"background-color: rgba(255,255,255,0);background-position: left top;background-repeat: no-repeat;padding-top:20px;padding-right:0px;padding-bottom:20px;padding-left:0px;margin-bottom: 0px;margin-top: 0px;border-width: 0px 0px 0px 0px;border-color:#eae9e9;border-style:solid;\" ><div class=\"fusion-builder-row fusion-row\"><div class=\"fusion-layout-column fusion_builder_column fusion-builder-column-0 fusion_builder_column_1_1 1_1 fusion-one-full fusion-column-first fusion-column-last\" style=\"margin-top:0px;margin-bottom:20px;\"><div class=\"fusion-column-wrapper fusion-flex-column-wrapper-legacy\" style=\"background-position:left top;background-repeat:no-repeat;-webkit-background-size:cover;-moz-background-size:cover;-o-background-size:cover;background-size:cover;padding: 0px 0px 0px 0px;\"><style type=\"text\/css\"><\/style><div class=\"fusion-title title fusion-title-1 fusion-title-text fusion-title-size-one\" style=\"margin-top:0px;margin-right:0px;margin-bottom:31px;margin-left:0px;\"><h1 class=\"title-heading-left\" style=\"margin:0;\"><h1 class=\"entry-title\" data-fontsize=\"30\" data-lineheight=\"45\">System der gesundheitsf\u00f6rdernden Gestaltung<\/h1><\/h1><div class=\"title-sep-container\"><div class=\"title-sep sep-double sep-solid\" style=\"border-color:#e0dede;\"><\/div><\/div><\/div><div class=\"fusion-clearfix\"><\/div><\/div><\/div><div class=\"fusion-layout-column fusion_builder_column fusion-builder-column-1 fusion_builder_column_1_4 1_4 fusion-one-fourth fusion-column-first\" style=\"width:22%; margin-right: 4%;margin-top:0px;margin-bottom:20px;\"><div class=\"fusion-column-wrapper fusion-flex-column-wrapper-legacy\" style=\"background-position:left top;background-repeat:no-repeat;-webkit-background-size:cover;-moz-background-size:cover;-o-background-size:cover;background-size:cover;padding: 0px 0px 0px 0px;\"><div class=\"fusion-clearfix\"><\/div><\/div><\/div><div class=\"fusion-layout-column fusion_builder_column fusion-builder-column-2 fusion_builder_column_1_2 1_2 fusion-one-half\" style=\"width:48%; margin-right: 4%;margin-top:0px;margin-bottom:20px;\"><div class=\"fusion-column-wrapper fusion-flex-column-wrapper-legacy\" style=\"background-position:left top;background-repeat:no-repeat;-webkit-background-size:cover;-moz-background-size:cover;-o-background-size:cover;background-size:cover;padding: 0px 0px 0px 0px;\"><div class=\"fusion-text fusion-text-1\"><p><img decoding=\"async\" class=\"wp-image-135 size-full aligncenter\" src=\"http:\/\/gesunde-gestaltung.de\/wp-content\/uploads\/2019\/01\/Rehn_2019_System-der-Gesundheitsf\u00f6rdernden-Gestaltung_Ausschnitt.jpg\" alt=\"\" width=\"1200\" height=\"980\" srcset=\"http:\/\/jonasrehn.de\/wp-content\/uploads\/2019\/01\/Rehn_2019_System-der-Gesundheitsf\u00f6rdernden-Gestaltung_Ausschnitt-200x163.jpg 200w, http:\/\/jonasrehn.de\/wp-content\/uploads\/2019\/01\/Rehn_2019_System-der-Gesundheitsf\u00f6rdernden-Gestaltung_Ausschnitt-300x245.jpg 300w, http:\/\/jonasrehn.de\/wp-content\/uploads\/2019\/01\/Rehn_2019_System-der-Gesundheitsf\u00f6rdernden-Gestaltung_Ausschnitt-400x327.jpg 400w, http:\/\/jonasrehn.de\/wp-content\/uploads\/2019\/01\/Rehn_2019_System-der-Gesundheitsf\u00f6rdernden-Gestaltung_Ausschnitt-600x490.jpg 600w, http:\/\/jonasrehn.de\/wp-content\/uploads\/2019\/01\/Rehn_2019_System-der-Gesundheitsf\u00f6rdernden-Gestaltung_Ausschnitt-768x627.jpg 768w, http:\/\/jonasrehn.de\/wp-content\/uploads\/2019\/01\/Rehn_2019_System-der-Gesundheitsf\u00f6rdernden-Gestaltung_Ausschnitt-800x653.jpg 800w, http:\/\/jonasrehn.de\/wp-content\/uploads\/2019\/01\/Rehn_2019_System-der-Gesundheitsf\u00f6rdernden-Gestaltung_Ausschnitt-1024x836.jpg 1024w, http:\/\/jonasrehn.de\/wp-content\/uploads\/2019\/01\/Rehn_2019_System-der-Gesundheitsf\u00f6rdernden-Gestaltung_Ausschnitt.jpg 1200w\" sizes=\"(max-width: 1200px) 100vw, 1200px\" \/><\/p>\n<h6 data-fontsize=\"12\" data-lineheight=\"18\">(Quelle: \u00a9 Springer Fachmedien Wiesbaden 2019 Jonas Rehn, Gesunde Gestaltung <a href=\"http:\/\/extras.springer.com\/2019\/978-3-658-23554-3\/Rehn2019_Kapitel%206.1_Beilage%20-%20System%20der%20gesundheitsf%C3%B6rdernden%20Gestaltung.pdf\">-&gt; OPEN ACCESS<\/a>)<\/h6>\n<\/div><div class=\"fusion-text fusion-text-2\"><p>Zahlreiche Fachdisziplinen und methodische Richtungen zielen darauf ab, durch gestalterische Ma\u00dfnahmen die Gesundheit direkt oder indirekt zu f\u00f6rdern <a href=\"http:\/\/empirische-designforschung.de\/system-der-gesundheitsfoerdernden-gestaltung\/#_ftn1\" name=\"_ftnref1\">[1]<\/a> <a href=\"http:\/\/empirische-designforschung.de\/system-der-gesundheitsfoerdernden-gestaltung\/#_ftn2\" name=\"_ftnref2\">[2]<\/a>. Dabei reichen die Ansatzpunkte von der Reduktion von Risikofaktoren bis zur F\u00f6rderung individueller Ressourcen im Sinne eines salutogenen Verst\u00e4ndnisses von Gestaltung<a href=\"http:\/\/empirische-designforschung.de\/system-der-gesundheitsfoerdernden-gestaltung\/#_ftn3\" name=\"_ftnref3\">[3]<\/a>.<\/p>\n<p>Das <strong>\u201e<a href=\"http:\/\/extras.springer.com\/2019\/978-3-658-23554-3\/Rehn2019_Kapitel%206.1_Beilage%20-%20System%20der%20gesundheitsf%C3%B6rdernden%20Gestaltung.pdf\">System der gesundheitsf\u00f6rdernden Gestaltung<\/a>\u201c<\/strong><a href=\"http:\/\/empirische-designforschung.de\/system-der-gesundheitsfoerdernden-gestaltung\/#_ftn4\" name=\"_ftnref4\">[4]<\/a> stellt eine systematische und strukturierte Taxonomie dar, die aktuelle Schulen und Methoden einordnet und auf entsprechende Fallbeispiele und Literatur verweist. Dabei ist zu betonen, dass das System als offene und dynamisch ver\u00e4nderbare Struktur gedacht ist, die per Definition nie vollst\u00e4ndig sein kann. So bildet das Ordnungssystem lediglich einen strukturierenden Rahmen f\u00fcr aktuelle und zuk\u00fcnftige Ma\u00dfnahmen und Methodiken der gesundheitsf\u00f6rdernden Gestaltung.<\/p>\n<p>Aufgebaut ist das System entlang zweier Achsen. In X-Richtung reicht es von einem Pathogenese-Ansatz, der sch\u00e4dliche Aspekte thematisiert, bis zu einem Salutogenese-Ansatz, der sich mit den individuellen und subjektiven Erlebnis- und Verhaltenspotentialen besch\u00e4ftigt.<\/p>\n<p>Die Y-Richtung differenziert zwischen unterschiedlichen fachlichen und methodischen Ausrichtungen, die weitestgehend im Sinne eines evidence-based Design-Verst\u00e4ndnisses<a href=\"http:\/\/empirische-designforschung.de\/system-der-gesundheitsfoerdernden-gestaltung\/#_ftn5\" name=\"_ftnref5\">[5]<\/a> Anwendung finden k\u00f6nnen. Zu diesen Kategorien geh\u00f6ren klassische Felder wie die Ergonomie ebenso wie neuere Methodiken wie das biophilic Design<a href=\"http:\/\/empirische-designforschung.de\/system-der-gesundheitsfoerdernden-gestaltung\/#_ftn6\" name=\"_ftnref6\">[6]<\/a>.<\/p>\n<p><a href=\"http:\/\/empirische-designforschung.de\/wp-content\/uploads\/2019\/01\/Rehn_2019_System-der-Gesundheitsf\u00f6rdernden-Gestaltung_Detail-1.jpg\" data-caption=\"\"><img decoding=\"async\" class=\"alignnone wp-image-586 \" src=\"http:\/\/empirische-designforschung.de\/wp-content\/uploads\/2019\/01\/Rehn_2019_System-der-Gesundheitsf\u00f6rdernden-Gestaltung_Detail-1.jpg\" sizes=\"(max-width: 602px) 100vw, 602px\" srcset=\"http:\/\/empirische-designforschung.de\/wp-content\/uploads\/2019\/01\/Rehn_2019_System-der-Gesundheitsf\u00f6rdernden-Gestaltung_Detail-1.jpg 800w, http:\/\/empirische-designforschung.de\/wp-content\/uploads\/2019\/01\/Rehn_2019_System-der-Gesundheitsf\u00f6rdernden-Gestaltung_Detail-1-300x96.jpg 300w, http:\/\/empirische-designforschung.de\/wp-content\/uploads\/2019\/01\/Rehn_2019_System-der-Gesundheitsf\u00f6rdernden-Gestaltung_Detail-1-768x245.jpg 768w\" alt=\"\" width=\"602\" height=\"192\" \/><\/a><\/p>\n<h6 data-fontsize=\"12\" data-lineheight=\"18\">Detailansicht aus \u201eSystem der gesundheitsf\u00f6rdernden Gestaltung\u201c, Rehn 2019 (Quelle: \u00a9 Springer Fachmedien Wiesbaden 2019 Jonas Rehn, Gesunde Gestaltung)<\/h6>\n<p>In den einzelnen Feldern des Systems sind sowohl Methoden (gekennzeichnet mit durchgezogenen Rahmenlinien) wie auch konkrete Anwendungs- und Fallbeispiele (gepunktete Rahmenlinien) zu finden. Die Angaben im unteren Bereich dieser Felder verweisen auf weiterf\u00fchrende Literatur hierzu.<\/p>\n<p>Das System der gesundheitsf\u00f6rdernden Gestaltung zielt auf zwei zentrale Aspekte ab. Erstens soll es der Designforschung und Designtheorie als Grundlage dienen, um neue Forschungsans\u00e4tze und theoretische \u00dcberlegungen anzusto\u00dfen und einen \u00dcberblick zum Stand der Forschung zu bieten. Zweitens soll f\u00fcr die Designpraxis diese Visualisierung ein gestalterischer Impulsgeber sein, um neue konzeptionelle wie auch \u00e4sthetische Optionen einer gesundheitsf\u00f6rdernden Gestaltung zu identifizieren bzw. zu entwickeln.<\/p>\n<p>Dabei gilt es das System sowohl von theoretischer wie auch von praktischer Seite fortlaufend weiterzuentwickeln. \u00dcbergeordnetes Ziel dieser Bem\u00fchung ist es, das breite und transdisziplin\u00e4re Gestaltungspotential ersichtlich zu machen, das im Rahmen einer gesundheitsf\u00f6rdernden Gestaltung zur Verf\u00fcgung steht. So zeigt sich etwa, dass die Vermeidung von Risikofaktoren wie hygienisch problematischen Settings oder Stressoren wie L\u00e4rmbelastungen nur eine Facette dieses Gestaltungsansatzes darstellt. Dar\u00fcber hinaus lassen sich auch behaviorale Wirkweisen von Methoden aus Feldern wie der Konsumentenpsychologie zielf\u00fchrend im Bereich der Gesundheitsf\u00f6rderung einsetzen.<\/p>\n<p>&nbsp;<\/p>\n<p>__________<\/p>\n<h6 data-fontsize=\"11\" data-lineheight=\"17\"><a href=\"http:\/\/empirische-designforschung.de\/system-der-gesundheitsfoerdernden-gestaltung\/#_ftnref1\" name=\"_ftn1\">[1]<\/a> Schweitzer, Marc; Gilpin, Laura; Frampton, Susan B. (2004): Healing Spaces. Elements of Environmental Design That Make an Impact on Health. In: <em>The Journal of alternative and complementary medicine <\/em>10 (1), S. 71-83.<\/h6>\n<h6 data-fontsize=\"11\" data-lineheight=\"17\"><a href=\"http:\/\/empirische-designforschung.de\/system-der-gesundheitsfoerdernden-gestaltung\/#_ftnref2\" name=\"_ftn2\">[2]<\/a> Rehn, Jonas (2019): Gesunde Gestaltung. Priming- und Placebo-Effekte als gesundheitsverhaltenswirksame empiriegest\u00fctzte Gestaltungsmethodik. Wiesbaden: Springer Fachmedien.<\/h6>\n<h6 data-fontsize=\"11\" data-lineheight=\"17\"><a href=\"http:\/\/empirische-designforschung.de\/system-der-gesundheitsfoerdernden-gestaltung\/#_ftnref3\" name=\"_ftn3\">[3]<\/a> Vgl. z.B. Dilani, Alan (2005): Psychosocially Supportive Design. As a Theory and Model to Promote Health. In: Alan Dilani (Hg.): Design &amp; Health IV . Future Trends in Healthcare Design. 4th World Congress on Design &amp; Health (WCDH2005). Frankfurt. International Academy for Health and Design, S. 13-22.<\/h6>\n<h6 data-fontsize=\"11\" data-lineheight=\"17\"><a href=\"http:\/\/empirische-designforschung.de\/system-der-gesundheitsfoerdernden-gestaltung\/#_ftnref4\" name=\"_ftn4\">[4]<\/a> Open-Access-Beilage in: Rehn, Jonas (2019): Gesunde Gestaltung. Priming- und Placebo-Effekte als gesundheitsverhaltenswirksame empiriegest\u00fctzte Gestaltungsmethodik. Wiesbaden: Springer Fachmedien.<\/h6>\n<h6 data-fontsize=\"11\" data-lineheight=\"17\"><a href=\"http:\/\/empirische-designforschung.de\/system-der-gesundheitsfoerdernden-gestaltung\/#_ftnref5\" name=\"_ftn5\">[5]<\/a> Hamilton, D. K. (2003): The Four Levels Of Evidence-Based Practice. In: <em>Healthcare Design<\/em>, S. 18-26.<\/h6>\n<h6 data-fontsize=\"11\" data-lineheight=\"17\"><a href=\"http:\/\/empirische-designforschung.de\/system-der-gesundheitsfoerdernden-gestaltung\/#_ftnref6\" name=\"_ftn6\">[6]<\/a> Kellert, Stephen R.; Heerwagen, Judith; Mador, Martin (Hg.) (2008): Biophilic design. The theory, science, and practice of bringing buildings to life. Hoboken, N.J: Wiley.<\/h6>\n<\/div><div class=\"fusion-clearfix\"><\/div><\/div><\/div><div class=\"fusion-layout-column fusion_builder_column fusion-builder-column-3 fusion_builder_column_1_4 1_4 fusion-one-fourth fusion-column-last\" style=\"width:22%;margin-top:0px;margin-bottom:20px;\"><div class=\"fusion-column-wrapper fusion-flex-column-wrapper-legacy\" style=\"background-position:left top;background-repeat:no-repeat;-webkit-background-size:cover;-moz-background-size:cover;-o-background-size:cover;background-size:cover;padding: 0px 0px 0px 0px;\"><div class=\"fusion-align-block\"><style type=\"text\/css\">.fusion-button.button-1 .fusion-button-text, .fusion-button.button-1 i {color:#595959;}.fusion-button.button-1 .fusion-button-icon-divider{border-color:#595959;}.fusion-button.button-1:hover .fusion-button-text, .fusion-button.button-1:hover i,.fusion-button.button-1:focus .fusion-button-text, .fusion-button.button-1:focus i,.fusion-button.button-1:active .fusion-button-text, .fusion-button.button-1:active{color:#ffffff;}.fusion-button.button-1:hover .fusion-button-icon-divider, .fusion-button.button-1:hover .fusion-button-icon-divider, .fusion-button.button-1:active .fusion-button-icon-divider{border-color:#ffffff;}.fusion-button.button-1:hover, .fusion-button.button-1:focus, .fusion-button.button-1:active{border-color:#ffffff;}.fusion-button.button-1 {border-color:#595959;border-radius:0px;}.fusion-button.button-1{background: #ffffff;}.fusion-button.button-1:hover,.button-1:focus,.fusion-button.button-1:active{background: #595959;\n\t\t\t\t\t\t\tbackground-image: -webkit-gradient( linear, left bottom, left top, from( #353535 ), to( #595959 ) );\n\t\t\t\t\t\t\tbackground-image: -webkit-linear-gradient( bottom, #353535, #595959 );\n\t\t\t\t\t\t\tbackground-image:   -moz-linear-gradient( bottom, #353535, #595959 );\n\t\t\t\t\t\t\tbackground-image:     -o-linear-gradient( bottom, #353535, #595959 );\n\t\t\t\t\t\t\tbackground-image: linear-gradient( to top, #353535, #595959 );}<\/style><a class=\"fusion-button button-flat button-medium button-custom button-1 fusion-button-span-yes \" target=\"_blank\" rel=\"noopener noreferrer\" href=\"http:\/\/extras.springer.com\/2019\/978-3-658-23554-3\/Rehn2019_Kapitel%206.1_Beilage%20-%20System%20der%20gesundheitsf%C3%B6rdernden%20Gestaltung.pdf\"><span class=\"fusion-button-icon-divider button-icon-divider-left\"><i class=\" fa fa-file-text-o\" aria-hidden=\"true\"><\/i><\/span><span class=\"fusion-button-text fusion-button-text-left\">Download Open-Access-Poster (PDF)<\/span><\/a><\/div><div class=\"fusion-clearfix\"><\/div><\/div><\/div><\/div><\/div>\n","protected":false},"excerpt":{"rendered":"","protected":false},"author":1,"featured_media":0,"parent":0,"menu_order":0,"comment_status":"closed","ping_status":"closed","template":"","meta":{"footnotes":""},"class_list":["post-134","page","type-page","status-publish","hentry"],"_links":{"self":[{"href":"http:\/\/jonasrehn.de\/en\/wp-json\/wp\/v2\/pages\/134","targetHints":{"allow":["GET"]}}],"collection":[{"href":"http:\/\/jonasrehn.de\/en\/wp-json\/wp\/v2\/pages"}],"about":[{"href":"http:\/\/jonasrehn.de\/en\/wp-json\/wp\/v2\/types\/page"}],"author":[{"embeddable":true,"href":"http:\/\/jonasrehn.de\/en\/wp-json\/wp\/v2\/users\/1"}],"replies":[{"embeddable":true,"href":"http:\/\/jonasrehn.de\/en\/wp-json\/wp\/v2\/comments?post=134"}],"version-history":[{"count":7,"href":"http:\/\/jonasrehn.de\/en\/wp-json\/wp\/v2\/pages\/134\/revisions"}],"predecessor-version":[{"id":270,"href":"http:\/\/jonasrehn.de\/en\/wp-json\/wp\/v2\/pages\/134\/revisions\/270"}],"wp:attachment":[{"href":"http:\/\/jonasrehn.de\/en\/wp-json\/wp\/v2\/media?parent=134"}],"curies":[{"name":"wp","href":"https:\/\/api.w.org\/{rel}","templated":true}]}}