{"id":55,"date":"2018-02-25T08:25:06","date_gmt":"2018-02-25T07:25:06","guid":{"rendered":"http:\/\/gesunde-gestaltung.de\/?page_id=55"},"modified":"2021-05-20T15:22:27","modified_gmt":"2021-05-20T13:22:27","slug":"publikationen","status":"publish","type":"page","link":"https:\/\/jonasrehn.de\/en\/publikationen\/","title":{"rendered":"Publications"},"content":{"rendered":"<div class=\"fusion-fullwidth fullwidth-box fusion-builder-row-1 nonhundred-percent-fullwidth non-hundred-percent-height-scrolling\" style=\"background-color: rgba(255,255,255,0);background-position: left top;background-repeat: no-repeat;padding-top:20px;padding-right:0px;padding-bottom:20px;padding-left:0px;margin-bottom: 0px;margin-top: 0px;border-width: 0px 0px 0px 0px;border-color:#eae9e9;border-style:solid;\" ><div class=\"fusion-builder-row fusion-row\"><div class=\"fusion-layout-column fusion_builder_column fusion-builder-column-0 fusion_builder_column_1_3 1_3 fusion-one-third fusion-column-first\" style=\"width:30.6666%; margin-right: 4%;margin-top:0px;margin-bottom:20px;\"><div class=\"fusion-column-wrapper fusion-flex-column-wrapper-legacy\" style=\"background-position:left top;background-repeat:no-repeat;-webkit-background-size:cover;-moz-background-size:cover;-o-background-size:cover;background-size:cover;padding: 0px 0px 0px 0px;\"><style type=\"text\/css\"><\/style><div class=\"fusion-title title fusion-title-1 fusion-title-text fusion-title-size-one\" style=\"margin-top:0px;margin-right:0px;margin-bottom:31px;margin-left:0px;\"><h1 class=\"title-heading-left\" style=\"margin:0;\">Publications<\/h1><div class=\"title-sep-container\"><div class=\"title-sep sep-double sep-solid\" style=\"border-color:#e0dede;\"><\/div><\/div><\/div><div class=\"fusion-clearfix\"><\/div><\/div><\/div><div class=\"fusion-layout-column fusion_builder_column fusion-builder-column-1 fusion_builder_column_1_2 1_2 fusion-one-half\" style=\"width:48%; margin-right: 4%;margin-top:0px;margin-bottom:20px;\"><div class=\"fusion-column-wrapper fusion-flex-column-wrapper-legacy\" style=\"background-position:left top;background-repeat:no-repeat;-webkit-background-size:cover;-moz-background-size:cover;-o-background-size:cover;background-size:cover;background-color:#ffffff;padding: 0px 0px 0px 0px;\"><style type='text\/css'>.reading-box-container-1 .element-bottomshadow:before,.reading-box-container-1 .element-bottomshadow:after{opacity:0.7;}<\/style><div class=\"fusion-reading-box-container reading-box-container-1\" style=\"margin-top:0px;margin-bottom:84px;\"><div class=\"reading-box\" style=\"background-color:#ffffff;border-width:1px;border-color:#f6f6f6;border-top-width:3px;border-top-color:var(--primary_color);border-style:solid;\"><div class=\"reading-box-additional\">Schenten, Julian; Rehn, Jonas (2021): A Theory of Change (ToC) supporting the visioning of a sustainable supply chain. Beitrag im Portal \u201eSCNAT wissen &#8211; Methoden und Werkzeuge f\u00fcr die Koproduktion von Wissen\u201c. Akademien der Wissenschaften Schweiz Netzwerk f\u00fcr transdisziplin\u00e4re Forschung (td-net). Online verf\u00fcgbar unter https:\/\/naturwissenschaften.ch\/co-producing-knowledge-explained\/practical_experiences\/theory_of_change, zuletzt gepr\u00fcft am 22.03.2021. <\/p>\n<p>Rehn, J.; Chrysikou, E. (2020): Developing concepts for early mental health prevention and treatment using the built environment. In: European Journal of Public Health 30 (Supplement_5). DOI: 10.1093\/eurpub\/ckaa165.977. <\/p>\n<p>Chrysikou, E.; Rehn, J.; Savvopoulou, E.; Petelos, E. (2020): Ecopsychosocial environments for health and mental health. In: European Journal of Public Health 30 (Supplement_5). DOI: 10.1093\/eurpub\/ckaa165.974. <\/p>\n<p>Rehn, Jonas (2020): Das Unbekannte als L\u00f6sungsstrategie. Designmethodologische Betrachtung von Prozessen in Richtung einer nachhaltigen Entwicklung. sofia-Diskussionsbeitr\u00e4ge zur Institutionenanalyse Nr. 20-3, Darmstadt 2020. ISBN: 978-3-941627-80-2 <a href=\"https:\/\/www.sofia-darmstadt.de\/fileadmin\/Dokumente\/Diskussion\/2020\/Netzversion_Rehn_Unbekannte.pdf\"><strong>&lt;&gt;<\/strong><\/a><\/p>\n<p>Rehn, Jonas (2020): System Innovations in Design for Aging. A Research-Driven Multi-Stakeholder Framework for Transforming Health Systems. In: International Academic Forum (Hg.): The European Conference on Aging &amp; Gerontology 2019. Official Conference Proceedings. EGen 2019. University College London, 08.12.2019. Naka Ward, Nagoya, Aichi, Japan, S. 13-20.<\/p>\n<p>Rehn, Jonas (2019): Gesunde Gestaltung. Priming- und Placebo-Effekte als gesundheitsverhaltenswirksame empiriegest\u00fctzte Gestaltungsmethodik. Springer Fachmedien Wiesbaden.<\/p>\n<p>Rehn, Jonas (2018): Design model for health behaviour change. In: Christer Kirsty, Claire Craig und Dan Wolstenholme (Hg.): Proceedings of the 5th European International Conference on Design4Health. Sheffield, UK, 4th &#8211; 6th September 2018: Sheffield Hallam University. <a href=\"https:\/\/www.researchgate.net\/profile\/Jonas_Rehn2\/publication\/327883816_Design_model_for_health_behaviour_change\/links\/5bab384992851ca9ed25f38f\/Design-model-for-health-behaviour-change.pdf?_sg%5B0%5D=MnRMYIOU5EtUxwu_dPYhFg_zgty2Q4It3g5PkJd-0riYzYqtaKVA6yROm4YB-x7Zw_EPkSIFRbV8ZWC9GgTE3A.CTPp24szFOL6FQf2EkQAv8MxH1IvSMNDInON7XWBwjbCdacoVixTy2gxrGyghU7q65tS_BsgAbJnJMu0wIMcRg&amp;_sg%5B1%5D=yf-hPA6D7KxQFu4CFs04HCWPZaif7hVt44oeccvEB-24TgGuOUlsMXx2aJYfrM3AfpB1T4ZPcwTPAm-C7M9rjKF7PpQrR_OuTAK8xka-9j1G.CTPp24szFOL6FQf2EkQAv8MxH1IvSMNDInON7XWBwjbCdacoVixTy2gxrGyghU7q65tS_BsgAbJnJMu0wIMcRg&amp;_iepl=\"><strong>&lt;&gt;<\/strong><\/a><\/p>\n<p>Schuster, Kai; Rehn, Jonas (2018): Gesunde Landschaften. In: Stefanie Hennecke, Harald Kegler, Kirsten Klaczynski und Daniel M\u00fcnderlein (Hg.): Diedrich Bruns wird gelehrt haben. Eine Festschrift. Kassel, Hess: Kassel University Press, S. 103-112.<\/p>\n<p>Rehn, Jonas (2018): Keep Your Head Up. In: form 61 (279), S. 60-66.<\/p>\n<p>Rehn, Jonas und Schuster, Kai (2017): Clinic Design as Placebo &#8211; Using Design to Promote Healing and Support Treatments. In: Behavioral Sciences. Nov. DOI10.3390\/bs7040077\u00a0 <a href=\"http:\/\/www.mdpi.com\/2076-328X\/7\/4\/77\/pdf\"><strong>&lt;&gt;<\/strong><\/a><\/p>\n<p>Rehn, Jonas (2017): Quantified Health. In: form 60 (275), S. 46-51.<\/p>\n<p>Rehn, Jonas (2017): Designer Quo Vadis? The Specialised Holist. In: form feature. Revisitng the Past.Special Issue (2), S. 142-148,<\/p>\n<p>Rehn, Jonas (2017): Design Quo Vadis? Future Visions. In: form 60 (274), S. 83-98.<\/p>\n<p>Rehn, Jonas (2017): Material wirkt. In: form 60 (271), S. 112.<\/p>\n<p>Rehn, Jonas (2015): Gesundheit gestalten. In: form (261), S. 35-45.<\/p>\n<p>Rehn, Jonas (2015): Design Education Meets Health &#8211; Architectur. Interview mit Roger Ulrich. In: form 58 (261), S. 47.<br \/>\nRehn, Jonas (2015): Designer am Forschungsinstitut. In: form 58 (258), S. 78-83.<\/p>\n<p>Rehn, Jonas (2014): Industriedesignausbildung &#8211; The Dutch style. In: form 57 (252), S. 66-73.<\/p>\n<p>Rehn, Jonas (2014): Design braucht Wissenschaft. In: form 57 (251), S. 72-75.<\/div><div class=\"fusion-clearfix\"><\/div><\/div><\/div><div class=\"fusion-clearfix\"><\/div><\/div><\/div><div class=\"fusion-layout-column fusion_builder_column fusion-builder-column-2 fusion_builder_column_1_6 1_6 fusion-one-sixth fusion-column-last\" style=\"width:13.3333%;margin-top:0px;margin-bottom:20px;\"><div class=\"fusion-column-wrapper fusion-flex-column-wrapper-legacy\" style=\"background-position:left top;background-repeat:no-repeat;-webkit-background-size:cover;-moz-background-size:cover;-o-background-size:cover;background-size:cover;padding: 0px 0px 0px 0px;\"><div class=\"fusion-clearfix\"><\/div><\/div><\/div><\/div><\/div>","protected":false},"excerpt":{"rendered":"","protected":false},"author":1,"featured_media":0,"parent":0,"menu_order":0,"comment_status":"closed","ping_status":"closed","template":"","meta":{"footnotes":""},"class_list":["post-55","page","type-page","status-publish","hentry"],"_links":{"self":[{"href":"https:\/\/jonasrehn.de\/en\/wp-json\/wp\/v2\/pages\/55","targetHints":{"allow":["GET"]}}],"collection":[{"href":"https:\/\/jonasrehn.de\/en\/wp-json\/wp\/v2\/pages"}],"about":[{"href":"https:\/\/jonasrehn.de\/en\/wp-json\/wp\/v2\/types\/page"}],"author":[{"embeddable":true,"href":"https:\/\/jonasrehn.de\/en\/wp-json\/wp\/v2\/users\/1"}],"replies":[{"embeddable":true,"href":"https:\/\/jonasrehn.de\/en\/wp-json\/wp\/v2\/comments?post=55"}],"version-history":[{"count":25,"href":"https:\/\/jonasrehn.de\/en\/wp-json\/wp\/v2\/pages\/55\/revisions"}],"predecessor-version":[{"id":280,"href":"https:\/\/jonasrehn.de\/en\/wp-json\/wp\/v2\/pages\/55\/revisions\/280"}],"wp:attachment":[{"href":"https:\/\/jonasrehn.de\/en\/wp-json\/wp\/v2\/media?parent=55"}],"curies":[{"name":"wp","href":"https:\/\/api.w.org\/{rel}","templated":true}]}}